{"id":83,"date":"2023-01-02T18:24:14","date_gmt":"2023-01-02T18:24:14","guid":{"rendered":"https:\/\/hanhinen.net\/?page_id=83"},"modified":"2025-02-13T18:24:49","modified_gmt":"2025-02-13T18:24:49","slug":"services","status":"publish","type":"page","link":"https:\/\/hanhinen.net\/fi\/services\/","title":{"rendered":"Palvelut"},"content":{"rendered":"<h1 class=\"wp-block-heading has-text-align-center\">Palvelut<\/h1>\n\n\n\n<div class=\"wp-block-group is-layout-constrained wp-block-group-is-layout-constrained\">\n<h4 class=\"wp-block-heading has-text-align-center\">IT palveluita kokonaisvaltaisesti kaikki saman katon alta<\/h4>\n\n\n\n<div class=\"wp-block-kenta-blocks-stack kb-stack-ec44eeb4 kb-stack\"><div class=\"kb-stack-inner-container\">\n<div class=\"wp-block-kenta-blocks-row kb-row-05e46bde kb-row\"><div class=\"kb-row-inner-container\">\n<div class=\"wp-block-kenta-blocks-icon kb-icon kb-icon-497fa730\"><div class=\"kb-icon-wrap\"><i class=\"far fa-circle-check\"><\/i><\/div><\/div>\n\n\n\n<p class=\"wp-block-kenta-blocks-paragraph kb-paragraph kb-paragraph-77ac3310\">IT Konsultointi<\/p>\n<\/div><\/div>\n\n\n\n<div class=\"wp-block-kenta-blocks-row kb-row-d6a43439 kb-row\"><div class=\"kb-row-inner-container\">\n<div class=\"wp-block-kenta-blocks-icon kb-icon kb-icon-b0641e7b\"><div class=\"kb-icon-wrap\"><i class=\"far fa-circle-check\"><\/i><\/div><\/div>\n\n\n\n<p class=\"wp-block-kenta-blocks-paragraph kb-paragraph kb-paragraph-41510601\">Nettisivut<\/p>\n<\/div><\/div>\n\n\n\n<div class=\"wp-block-kenta-blocks-row kb-row-dd081296 kb-row\"><div class=\"kb-row-inner-container\">\n<div class=\"wp-block-kenta-blocks-icon kb-icon kb-icon-55ea3cc8\"><div class=\"kb-icon-wrap\"><i class=\"far fa-circle-check\"><\/i><\/div><\/div>\n\n\n\n<p class=\"wp-block-kenta-blocks-paragraph kb-paragraph kb-paragraph-8e77978e\">Tietoturva<\/p>\n<\/div><\/div>\n<\/div><\/div>\n\n\n\n<hr class=\"wp-block-separator has-text-color has-kenta-accent-active-color has-alpha-channel-opacity has-kenta-accent-active-background-color has-background\"\/>\n<\/div>\n\n\n\n<div class=\"wp-block-kenta-blocks-slides kb-slides-f5b5484b kb-slides\"><button class=\"kb-slides-prev-arrow kb-slides-arrow\" id=\"kb-slides-prev-f5b5484b\"><i class=\"fas fa-chevron-left\"><\/i><\/button><div class=\"kb-slides-inner-container\">\n<div class=\"wp-block-kenta-blocks-slide-item kb-slide-item-f3a3611b kb-slide-item\"><div class=\"kb-slide-item-inner-container\">\n<div class=\"wp-block-kenta-blocks-section kb-section-78afb0b7 kb-section\">\n<div class=\"wp-block-kenta-blocks-column kb-column-wrapper kb-column-wrapper-7138f2ec\"><div class=\"kb-column kb-column-7138f2ec\"><div class=\"kb-column-content\">\n<h2 class=\"wp-block-heading has-text-align-center\">Tietoturva<\/h2>\n\n\n\n<h3 class=\"wp-block-heading has-text-align-center\">Koulutukset<\/h3>\n\n\n\n<p class=\"has-text-align-center has-medium-font-size\">Meilt\u00e4 saat laajan ja kattavan koulutuksen tietoturvasta!<\/p>\n\n\n\n<p class=\"has-text-align-center\"><a href=\"https:\/\/hanhinen.net\/contact-us\/\" data-type=\"page\" data-id=\"127\">Kysy lis\u00e4\u00e4<\/a><\/p>\n\n\n\n<h3 class=\"wp-block-heading has-text-align-center\">Tietotomurto tuki<\/h3>\n\n\n\n<p class=\"has-text-align-center has-medium-font-size\"><strong>Tapahtuiko teill\u00e4 tietomurto?<\/strong> Me autamme! Toimimme tietomurtotapauksissa nopeasti ja tarjoamme sinulle parhaan ratkaisun. <br>Tietomurtotapauksissa <strong><a href=\"https:\/\/hanhinen.net\/contact-us\/\" data-type=\"page\" data-id=\"127\">soita meille nopeimman yhteydenoton varmistamiseksi! <\/a><\/strong><\/p>\n<\/div><\/div><\/div>\n\n\n\n<div class=\"wp-block-kenta-blocks-column kb-column-wrapper kb-column-wrapper-f57093bb\"><div class=\"kb-column kb-column-f57093bb\"><div class=\"kb-column-content\">\n<figure class=\"wp-block-image size-full has-custom-border is-style-default\"><img loading=\"lazy\" decoding=\"async\" width=\"1024\" height=\"1024\" src=\"https:\/\/hanhinen.net\/wp-content\/uploads\/2024\/08\/tietoturva.jpg\" alt=\"\" class=\"wp-image-416\" style=\"border-radius:17px\" srcset=\"https:\/\/hanhinen.net\/wp-content\/uploads\/2024\/08\/tietoturva.jpg 1024w, https:\/\/hanhinen.net\/wp-content\/uploads\/2024\/08\/tietoturva-300x300.jpg 300w, https:\/\/hanhinen.net\/wp-content\/uploads\/2024\/08\/tietoturva-150x150.jpg 150w, https:\/\/hanhinen.net\/wp-content\/uploads\/2024\/08\/tietoturva-768x768.jpg 768w, https:\/\/hanhinen.net\/wp-content\/uploads\/2024\/08\/tietoturva-12x12.jpg 12w\" sizes=\"auto, (max-width: 1024px) 100vw, 1024px\" \/><\/figure>\n<\/div><\/div><\/div>\n<\/div>\n<\/div><\/div>\n\n\n\n<div class=\"wp-block-kenta-blocks-slide-item kb-slide-item-417606e6 kb-slide-item\"><div class=\"kb-slide-item-inner-container\">\n<div class=\"wp-block-kenta-blocks-section kb-section-304b86bb kb-section\">\n<div class=\"wp-block-kenta-blocks-column kb-column-wrapper kb-column-wrapper-20c42abd\"><div class=\"kb-column kb-column-20c42abd\"><div class=\"kb-column-content\">\n<figure class=\"wp-block-image size-large has-custom-border is-style-default\"><img loading=\"lazy\" decoding=\"async\" width=\"1024\" height=\"685\" src=\"https:\/\/hanhinen.net\/wp-content\/uploads\/2024\/08\/Cyber-saa1-1024x685.jpg\" alt=\"\" class=\"wp-image-418\" style=\"border-style:none;border-width:0px;border-radius:21px\" srcset=\"https:\/\/hanhinen.net\/wp-content\/uploads\/2024\/08\/Cyber-saa1-1024x685.jpg 1024w, https:\/\/hanhinen.net\/wp-content\/uploads\/2024\/08\/Cyber-saa1-300x201.jpg 300w, https:\/\/hanhinen.net\/wp-content\/uploads\/2024\/08\/Cyber-saa1-768x514.jpg 768w, https:\/\/hanhinen.net\/wp-content\/uploads\/2024\/08\/Cyber-saa1-18x12.jpg 18w, https:\/\/hanhinen.net\/wp-content\/uploads\/2024\/08\/Cyber-saa1.jpg 1330w\" sizes=\"auto, (max-width: 1024px) 100vw, 1024px\" \/><\/figure>\n<\/div><\/div><\/div>\n\n\n\n<div class=\"wp-block-kenta-blocks-column kb-column-wrapper kb-column-wrapper-5206374c\"><div class=\"kb-column kb-column-5206374c\"><div class=\"kb-column-content\">\n<h2 class=\"wp-block-heading has-text-align-center\">Esitystekniikka er\u00e4maahan<\/h2>\n\n\n\n<p class=\"has-text-align-center has-medium-font-size\">Tarvitsetko audiotekniikkaa, interneti\u00e4, s\u00e4hk\u00f6\u00e4 tai n\u00e4ytt\u00f6\u00e4 paikassa, jossa se ei yleens\u00e4 ole mahdollista?<\/p>\n\n\n\n<p class=\"has-text-align-center has-medium-font-size\">Voimme tarjota sinulle n\u00e4it\u00e4 miss\u00e4 tahansa tarvitset! Ota yhteytt\u00e4, niin katsotaan mit\u00e4 tarvitset ja miss\u00e4!<\/p>\n<\/div><\/div><\/div>\n<\/div>\n<\/div><\/div>\n\n\n\n<div class=\"wp-block-kenta-blocks-slide-item kb-slide-item-6f350277 kb-slide-item\"><div class=\"kb-slide-item-inner-container\">\n<div class=\"wp-block-kenta-blocks-section kb-section-c0a5fba1 kb-section\">\n<div class=\"wp-block-kenta-blocks-column kb-column-wrapper kb-column-wrapper-76de89ac\"><div class=\"kb-column kb-column-76de89ac\"><div class=\"kb-column-content\">\n<h2 class=\"wp-block-heading has-text-align-center\">Turvallinen internetyhteys yrityksille<\/h2>\n\n\n\n<p class=\"has-text-align-center has-medium-font-size\">Turvallinen tapa yhdist\u00e4\u00e4 yrityksesi verkkoon mist\u00e4 tahansa!<\/p>\n\n\n\n<h2 class=\"wp-block-heading has-text-align-center has-medium-font-size\">Mit\u00e4 palvelu sis\u00e4lt\u00e4\u00e4: <\/h2>\n\n\n\n<p class=\"has-text-align-center has-medium-font-size\">Tuomme laitteen joka mahdollistaa turvallisen yhteyden miss\u00e4 oletkin. Yll\u00e4pid\u00e4mme j\u00e4rjestelm\u00e4\u00e4 ja lis\u00e4\u00e4mme k\u00e4ytt\u00e4j\u00e4t pyynn\u00f6st\u00e4. <\/p>\n\n\n\n<h2 class=\"wp-block-heading has-text-align-center has-medium-font-size\">Alkaen: <\/h2>\n\n\n\n<p class=\"has-text-align-center has-medium-font-size\">5\u20ac\/kk+2\u20ac\/laite\/kk (alv. 0%)<\/p>\n\n\n\n<p class=\"has-text-align-center has-medium-font-size\"><br><\/p>\n<\/div><\/div><\/div>\n\n\n\n<div class=\"wp-block-kenta-blocks-column kb-column-wrapper kb-column-wrapper-1e1c6312\"><div class=\"kb-column kb-column-1e1c6312\"><div class=\"kb-column-content\">\n<figure class=\"wp-block-image size-full is-resized is-style-rounded\" style=\"margin-top:0;margin-bottom:0\"><img loading=\"lazy\" decoding=\"async\" width=\"1024\" height=\"1024\" src=\"https:\/\/hanhinen.net\/wp-content\/uploads\/2025\/02\/technical-secure-internet-connection-for-businesses.jpg\" alt=\"\" class=\"wp-image-474\" style=\"width:437px;height:auto\" srcset=\"https:\/\/hanhinen.net\/wp-content\/uploads\/2025\/02\/technical-secure-internet-connection-for-businesses.jpg 1024w, https:\/\/hanhinen.net\/wp-content\/uploads\/2025\/02\/technical-secure-internet-connection-for-businesses-300x300.jpg 300w, https:\/\/hanhinen.net\/wp-content\/uploads\/2025\/02\/technical-secure-internet-connection-for-businesses-150x150.jpg 150w, https:\/\/hanhinen.net\/wp-content\/uploads\/2025\/02\/technical-secure-internet-connection-for-businesses-768x768.jpg 768w, https:\/\/hanhinen.net\/wp-content\/uploads\/2025\/02\/technical-secure-internet-connection-for-businesses-12x12.jpg 12w\" sizes=\"auto, (max-width: 1024px) 100vw, 1024px\" \/><\/figure>\n<\/div><\/div><\/div>\n<\/div>\n<\/div><\/div>\n<\/div><button class=\"kb-slides-next-arrow kb-slides-arrow\" id=\"kb-slides-next-f5b5484b\"><i class=\"fas fa-chevron-right\"><\/i><\/button><div class=\"kb-slides-dots\"><\/div><\/div>\n\n\n\n<div class=\"wp-block-group is-layout-constrained wp-block-group-is-layout-constrained\">\n<h2 class=\"wp-block-heading has-text-align-center\">Miksi valita meid\u00e4t?<\/h2>\n\n\n\n<p class=\"has-text-align-center\">Jos tarvitset apua uuden laitteeen valinnassa, se voi olla tietokone, puhelin, kamera mit\u00e4 ikin\u00e4 tarvitset. <strong>Me voimme auttaa sinua!<\/strong><\/p>\n\n\n\n<p class=\"has-text-align-center\">Jos tarvitset uudet puhelin ja\/tai nettiliittym\u00e4t. <strong>Me voimme auttaa sinua!<\/strong><\/p>\n\n\n\n<p class=\"has-text-align-center\">Jos tarvitset uudet nettisivut tai p\u00e4ivityksen vanhoihin. <strong>Me voimme auttaa sinua!<\/strong><\/p>\n\n\n\n<p class=\"has-text-align-center\">Jos tarvitset uuden tai paremman j\u00e4rjestelm\u00e4n. <strong>Me voimme auttaa sinua!<\/strong><\/p>\n\n\n\n<p class=\"has-text-align-center\"><strong>T\u00e4ss\u00e4 on muutamia esimerkki tapauksia, joissa voimme auttaa.  Autamme kaikissa IT-ongelmissa <a href=\"https:\/\/hanhinen.net\/contact-us\/\" data-type=\"page\" data-id=\"127\">Ota yhteytt\u00e4<\/a><\/strong><\/p>\n<\/div>\n\n\n\n<hr class=\"wp-block-separator has-text-color has-kenta-accent-active-color has-alpha-channel-opacity has-kenta-accent-active-background-color has-background\"\/>\n\n\n\n<h2 class=\"wp-block-heading has-text-align-center\">Esimerkkej\u00e4 hinnoitelusta<\/h2>\n\n\n\n<div class=\"wp-block-kenta-blocks-section alignwide kb-section-d28a0224 kb-section\">\n<div class=\"wp-block-kenta-blocks-column kb-column-wrapper kb-column-wrapper-26bb22f0\"><div class=\"kb-column kb-column-26bb22f0\"><div class=\"kb-column-content\">\n<div class=\"wp-block-kenta-blocks-heading kb-heading kb-heading-h3 kb-heading-29bbcbc2\"><h3 class=\"\">Premium Nettisivujen yll\u00e4pito<\/h3><\/div>\n\n\n\n<div class=\"wp-block-kenta-blocks-paragraph kb-paragraph kb-paragraph-faa39283\"><p class=\"\">Alkaen (alv 0%)<\/p><\/div>\n\n\n\n<div class=\"wp-block-group is-content-justification-center is-nowrap is-layout-flex wp-container-core-group-is-layout-23441af8 wp-block-group-is-layout-flex\">\n<div class=\"wp-block-kenta-blocks-paragraph kb-paragraph kb-paragraph-2643a5e5\"><p class=\"\"> <\/p><\/div>\n\n\n\n<div class=\"wp-block-kenta-blocks-paragraph kb-paragraph kb-paragraph-ddda39c3\"><p class=\"\">35<\/p><\/div>\n\n\n\n<div class=\"wp-block-kenta-blocks-paragraph kb-paragraph kb-paragraph-a9f4154f\"><p class=\"\">\/kk<\/p><\/div>\n<\/div>\n\n\n\n<div class=\"wp-block-kenta-blocks-spacer kb-spacer-49b70ea1 kb-spacer\" aria-hidden=\"true\"><\/div>\n\n\n\n<div class=\"wp-block-kenta-blocks-buttons kb-buttons kb-buttons-94c90f8c\">\n<div class=\"kb-button-wrapper kb-button-wrapper-1e832b66\"><a class=\"wp-block-kenta-blocks-button kb-button kb-button-1e832b66 kb-button-left\" href=\"https:\/\/hanhinen.net\/contact\" id=\"buy-button-personal\"><span>Aloita t\u00e4n\u00e4\u00e4n<\/span><\/a><\/div>\n<\/div>\n\n\n\n<hr class=\"wp-block-separator has-alpha-channel-opacity is-style-wide\"\/>\n\n\n\n<div class=\"wp-block-kenta-blocks-paragraph kb-paragraph kb-paragraph-2ac0dcaf\"><p class=\"\">WordPress yhteensopiva&nbsp;<\/p><\/div>\n\n\n\n<div class=\"wp-block-kenta-blocks-paragraph kb-paragraph kb-paragraph-1e054128\"><p class=\"\">Viikottaiset varmuuskopioinnit <\/p><\/div>\n\n\n\n<div class=\"wp-block-kenta-blocks-paragraph kb-paragraph kb-paragraph-37285363\"><p class=\"\">S\u00e4hk\u00f6posti 5\u20ac\/kk <\/p><\/div>\n\n\n\n<div class=\"wp-block-kenta-blocks-paragraph kb-paragraph kb-paragraph-540dc979\"><p class=\"\">.Com-verkkotunnus 20\u20ac\/Vuosi *<\/p><\/div>\n\n\n\n<div class=\"wp-block-kenta-blocks-paragraph kb-paragraph kb-paragraph-f181d09e\"><p class=\"\">.FI-verkkotunnus 20\u20ac\/Vuosi *<br><br>Ja paljon muuta <br><\/p><\/div>\n\n\n\n<div class=\"wp-block-kenta-blocks-spacer kb-spacer-8338eb85 kb-spacer\" aria-hidden=\"true\"><\/div>\n<\/div><\/div><\/div>\n\n\n\n<div class=\"wp-block-kenta-blocks-column kb-column-wrapper kb-column-wrapper-c98aac7b\"><div class=\"kb-column kb-column-c98aac7b\"><div class=\"kb-column-content\">\n<div class=\"wp-block-kenta-blocks-heading kb-heading kb-heading-h3 kb-heading-d01761e6\"><h3 class=\"\">Nettisivujen yll\u00e4pito<\/h3><\/div>\n\n\n\n<div class=\"wp-block-kenta-blocks-paragraph kb-paragraph kb-paragraph-033cb4da\"><p class=\"\">Alkaen (alv 0%)<\/p><\/div>\n\n\n\n<div class=\"wp-block-group is-content-justification-center is-nowrap is-layout-flex wp-container-core-group-is-layout-23441af8 wp-block-group-is-layout-flex\">\n<div class=\"wp-block-kenta-blocks-paragraph kb-paragraph kb-paragraph-ec9a2b42\"><p class=\"\"> <\/p><\/div>\n\n\n\n<div class=\"wp-block-kenta-blocks-paragraph kb-paragraph kb-paragraph-924feb7d\"><p class=\"\">20<\/p><\/div>\n\n\n\n<div class=\"wp-block-kenta-blocks-paragraph kb-paragraph kb-paragraph-17971384\"><p class=\"\">\/kk<\/p><\/div>\n<\/div>\n\n\n\n<div class=\"wp-block-kenta-blocks-spacer kb-spacer-5d55595a kb-spacer\" aria-hidden=\"true\"><\/div>\n\n\n\n<div class=\"wp-block-kenta-blocks-buttons kb-buttons kb-buttons-ea26acc2\">\n<div class=\"kb-button-wrapper kb-button-wrapper-f14b0acf\"><a class=\"wp-block-kenta-blocks-button kb-button kb-button-f14b0acf kb-button-left\" href=\"https:\/\/hanhinen.net\/contact\" id=\"buy-button-personal\"><span>Aloita t\u00e4n\u00e4\u00e4n<\/span><\/a><\/div>\n<\/div>\n\n\n\n<hr class=\"wp-block-separator has-alpha-channel-opacity is-style-wide\"\/>\n\n\n\n<div class=\"wp-block-kenta-blocks-paragraph kb-paragraph kb-paragraph-0135e35f\"><p class=\"\">WordPress yhteensopiva&nbsp;<\/p><\/div>\n\n\n\n<div class=\"wp-block-kenta-blocks-paragraph kb-paragraph kb-paragraph-1303e89b\"><p class=\"\">Viikoittaiset varmuuskopioinnit  10\u20ac\/kk<\/p><\/div>\n\n\n\n<div class=\"wp-block-kenta-blocks-paragraph kb-paragraph kb-paragraph-fe966b37\"><p class=\"\">S\u00e4hk\u00f6posti 5\u20ac\/kk <\/p><\/div>\n\n\n\n<div class=\"wp-block-kenta-blocks-paragraph kb-paragraph kb-paragraph-826e4d61\"><p class=\"\">.Com-verkkotunnus 20\u20ac\/Vuosi *<\/p><\/div>\n\n\n\n<div class=\"wp-block-kenta-blocks-paragraph kb-paragraph kb-paragraph-ff96e5e1\"><p class=\"\">.FI-verkkotunnus 20\u20ac\/Vuosi *<br><br>Ja paljon muuta <br><\/p><\/div>\n\n\n\n<div class=\"wp-block-kenta-blocks-spacer kb-spacer-56de038e kb-spacer\" aria-hidden=\"true\"><\/div>\n<\/div><\/div><\/div>\n\n\n\n<div class=\"wp-block-kenta-blocks-column kb-column-wrapper kb-column-wrapper-0a40bd9e\"><div class=\"kb-column kb-column-0a40bd9e\"><div class=\"kb-column-content\">\n<div class=\"wp-block-kenta-blocks-heading kb-heading kb-heading-h3 kb-heading-e9fc507e\"><h3 class=\"\"> Konsultointi<\/h3><\/div>\n\n\n\n<div class=\"wp-block-kenta-blocks-paragraph kb-paragraph kb-paragraph-597ab37a\"><p class=\"\"> <\/p><\/div>\n\n\n\n<div class=\"wp-block-group is-content-justification-center is-nowrap is-layout-flex wp-container-core-group-is-layout-23441af8 wp-block-group-is-layout-flex\">\n<div class=\"wp-block-kenta-blocks-paragraph kb-paragraph kb-paragraph-9c3c23c1\"><p class=\"\">Kysy Hintaa<\/p><\/div>\n<\/div>\n\n\n\n<div class=\"wp-block-kenta-blocks-spacer kb-spacer-e08765ce kb-spacer\" aria-hidden=\"true\"><\/div>\n\n\n\n<div class=\"wp-block-kenta-blocks-buttons kb-buttons kb-buttons-c4de7e71\">\n<div class=\"kb-button-wrapper kb-button-wrapper-30c593f7\"><a class=\"wp-block-kenta-blocks-button kb-button kb-button-30c593f7 kb-button-left\" href=\"https:\/\/hanhinen.net\/contact\" id=\"buy-button-freelancer\"><span>Aloita t\u00e4n\u00e4\u00e4n<\/span><\/a><\/div>\n<\/div>\n\n\n\n<hr class=\"wp-block-separator has-alpha-channel-opacity is-style-wide\"\/>\n\n\n\n<div class=\"wp-block-kenta-blocks-paragraph kb-paragraph kb-paragraph-95c1b6d5\"><p class=\"\">Tietotekniikkaan liittyv\u00e4t hankinnat<\/p><\/div>\n\n\n\n<div class=\"wp-block-kenta-blocks-paragraph kb-paragraph kb-paragraph-31426a6d\"><p class=\"\">P\u00e4ivitt\u00e4ist\u00e4 tukea tietotekniikan kanssa<\/p><\/div>\n\n\n\n<div class=\"wp-block-kenta-blocks-paragraph kb-paragraph kb-paragraph-4c1706b6\"><p class=\"\">Et\u00e4tuki<br>Puhelinliittym\u00e4t<\/p><\/div>\n\n\n\n<div class=\"wp-block-kenta-blocks-paragraph kb-paragraph kb-paragraph-b894d7a2\"><p class=\"\">Ja paljon muuta<\/p><\/div>\n\n\n\n<div class=\"wp-block-kenta-blocks-paragraph kb-paragraph kb-paragraph-7f682faa\"><p class=\"\"><\/p><\/div>\n\n\n\n<div class=\"wp-block-kenta-blocks-spacer kb-spacer-54ca541f kb-spacer\" aria-hidden=\"true\"><\/div>\n<\/div><\/div><\/div>\n<\/div>","protected":false},"excerpt":{"rendered":"<p>Services IT services comprehensively all under one roof Why would you choose us? If you need help of choosing new [&hellip;]<\/p>\n","protected":false},"author":1,"featured_media":0,"parent":0,"menu_order":0,"comment_status":"closed","ping_status":"closed","template":"","meta":{"_seopress_robots_primary_cat":"","_seopress_titles_title":"Services- Hanhinen.net Oy","_seopress_titles_desc":"We have different services contact us and let's find out what suits you best!","_seopress_robots_index":"","site-sidebar-layout":"default","site-content-layout":"","ast-site-content-layout":"default","site-content-style":"default","site-sidebar-style":"default","ast-global-header-display":"","ast-banner-title-visibility":"","ast-main-header-display":"","ast-hfb-above-header-display":"","ast-hfb-below-header-display":"","ast-hfb-mobile-header-display":"","site-post-title":"","ast-breadcrumbs-content":"","ast-featured-img":"","footer-sml-layout":"","ast-disable-related-posts":"","theme-transparent-header-meta":"","adv-header-id-meta":"","stick-header-meta":"","header-above-stick-meta":"","header-main-stick-meta":"","header-below-stick-meta":"","astra-migrate-meta-layouts":"default","ast-page-background-enabled":"default","ast-page-background-meta":{"desktop":{"background-color":"var(--ast-global-color-4)","background-image":"","background-repeat":"repeat","background-position":"center center","background-size":"auto","background-attachment":"scroll","background-type":"","background-media":"","overlay-type":"","overlay-color":"","overlay-opacity":"","overlay-gradient":""},"tablet":{"background-color":"","background-image":"","background-repeat":"repeat","background-position":"center center","background-size":"auto","background-attachment":"scroll","background-type":"","background-media":"","overlay-type":"","overlay-color":"","overlay-opacity":"","overlay-gradient":""},"mobile":{"background-color":"","background-image":"","background-repeat":"repeat","background-position":"center center","background-size":"auto","background-attachment":"scroll","background-type":"","background-media":"","overlay-type":"","overlay-color":"","overlay-opacity":"","overlay-gradient":""}},"ast-content-background-meta":{"desktop":{"background-color":"var(--ast-global-color-5)","background-image":"","background-repeat":"repeat","background-position":"center center","background-size":"auto","background-attachment":"scroll","background-type":"","background-media":"","overlay-type":"","overlay-color":"","overlay-opacity":"","overlay-gradient":""},"tablet":{"background-color":"var(--ast-global-color-5)","background-image":"","background-repeat":"repeat","background-position":"center center","background-size":"auto","background-attachment":"scroll","background-type":"","background-media":"","overlay-type":"","overlay-color":"","overlay-opacity":"","overlay-gradient":""},"mobile":{"background-color":"var(--ast-global-color-5)","background-image":"","background-repeat":"repeat","background-position":"center center","background-size":"auto","background-attachment":"scroll","background-type":"","background-media":"","overlay-type":"","overlay-color":"","overlay-opacity":"","overlay-gradient":""}},"footnotes":""},"class_list":["post-83","page","type-page","status-publish","hentry"],"_links":{"self":[{"href":"https:\/\/hanhinen.net\/fi\/wp-json\/wp\/v2\/pages\/83","targetHints":{"allow":["GET"]}}],"collection":[{"href":"https:\/\/hanhinen.net\/fi\/wp-json\/wp\/v2\/pages"}],"about":[{"href":"https:\/\/hanhinen.net\/fi\/wp-json\/wp\/v2\/types\/page"}],"author":[{"embeddable":true,"href":"https:\/\/hanhinen.net\/fi\/wp-json\/wp\/v2\/users\/1"}],"replies":[{"embeddable":true,"href":"https:\/\/hanhinen.net\/fi\/wp-json\/wp\/v2\/comments?post=83"}],"version-history":[{"count":25,"href":"https:\/\/hanhinen.net\/fi\/wp-json\/wp\/v2\/pages\/83\/revisions"}],"predecessor-version":[{"id":484,"href":"https:\/\/hanhinen.net\/fi\/wp-json\/wp\/v2\/pages\/83\/revisions\/484"}],"wp:attachment":[{"href":"https:\/\/hanhinen.net\/fi\/wp-json\/wp\/v2\/media?parent=83"}],"curies":[{"name":"wp","href":"https:\/\/api.w.org\/{rel}","templated":true}]}}