{"id":7,"date":"2023-01-02T09:42:04","date_gmt":"2023-01-02T09:42:04","guid":{"rendered":"https:\/\/hanhinen.net\/?page_id=7"},"modified":"2024-11-15T11:52:18","modified_gmt":"2024-11-15T11:52:18","slug":"hanhinen-net","status":"publish","type":"page","link":"https:\/\/hanhinen.net\/fi\/","title":{"rendered":"Koti"},"content":{"rendered":"<div class=\"wp-block-group is-layout-constrained wp-block-group-is-layout-constrained\">\n<div class=\"wp-block-kenta-blocks-heading kb-heading kb-heading-h1 kb-heading-140927c8\"><h1 class=\"\"><strong>We think IT so you don&#8217;t have to!<\/strong><\/h1><\/div>\n\n\n\n<h3 class=\"wp-block-heading has-text-align-center\"><strong>IT ratkaisuja ja nettisivuja suurella syd\u00e4mell\u00e4<\/strong><\/h3>\n<\/div>\n\n\n\n<div class=\"wp-block-kenta-blocks-spacer kb-spacer-818ac50b kb-spacer\" aria-hidden=\"true\"><\/div>\n\n\n\n<div class=\"wp-block-kenta-blocks-cover alignfull kb-cover-43e47321 kb-cover\"><div class=\"kb-cover-inner-container\">\n<div class=\"wp-block-kenta-blocks-section alignwide kb-section-500b9746 kb-section\">\n<div class=\"wp-block-kenta-blocks-column kb-column-wrapper kb-column-wrapper-42546c27\"><div class=\"kb-column kb-column-42546c27\"><div class=\"kb-column-content\">\n<div class=\"wp-block-kenta-blocks-icon kb-icon kb-icon-e3fe5e45\"><div class=\"kb-icon-wrap\"><i class=\"fas fa-bolt-lightning\"><\/i><\/div><\/div>\n\n\n\n<div class=\"wp-block-kenta-blocks-heading kb-heading kb-heading-h4 kb-heading-d0bbd7d4\"><h4 class=\"\">Nettisivut<\/h4><\/div>\n\n\n\n<div class=\"wp-block-kenta-blocks-paragraph kb-paragraph kb-paragraph-6461d6a2\"><p class=\"\">Meid\u00e4n kauttamme saat laadukkaat ja sinun n\u00e4k\u00f6iset nettisivut. Teemme my\u00f6s korjaus ja p\u00e4ivityst\u00f6it\u00e4 jo olemassa oleviin nettisivuihin.<br>Olemme ammattilaisia Wordpress alustan kanssa!<\/p><\/div>\n<\/div><\/div><\/div>\n\n\n\n<div class=\"wp-block-kenta-blocks-column kb-column-wrapper kb-column-wrapper-c69a8c37\"><div class=\"kb-column kb-column-c69a8c37\"><div class=\"kb-column-content\">\n<div class=\"wp-block-kenta-blocks-icon kb-icon kb-icon-d3a85c5a\"><div class=\"kb-icon-wrap\"><i class=\"far fa-comments\"><\/i><\/div><\/div>\n\n\n\n<div class=\"wp-block-kenta-blocks-heading kb-heading kb-heading-h4 kb-heading-8cc76bf5\"><h4 class=\"\">IT Konsultointi<\/h4><\/div>\n\n\n\n<div class=\"wp-block-kenta-blocks-paragraph kb-paragraph kb-paragraph-85e37f22\"><p class=\"\">Tarjoamme erillaisia IT ratkaisuja juuri sinulle r\u00e4\u00e4t\u00e4l\u00f6ityn\u00e4. Tarvitsit sitten apua uuden tietokoneen ostossa tai uuden j\u00e4rjestelm\u00e4n asentamisessa.<\/p><\/div>\n<\/div><\/div><\/div>\n\n\n\n<div class=\"wp-block-kenta-blocks-column kb-column-wrapper kb-column-wrapper-f00e7745\"><div class=\"kb-column kb-column-f00e7745\"><div class=\"kb-column-content\">\n<div class=\"wp-block-kenta-blocks-icon kb-icon kb-icon-77415f53\"><div class=\"kb-icon-wrap\"><i class=\"fas fa-headset\"><\/i><\/div><\/div>\n\n\n\n<div class=\"wp-block-kenta-blocks-heading kb-heading kb-heading-h4 kb-heading-a8a84358\"><h4 class=\"\">Tuki<\/h4><\/div>\n\n\n\n<div class=\"wp-block-kenta-blocks-paragraph kb-paragraph kb-paragraph-fa8a5f78\"><p class=\"\">Haluamme, ett\u00e4 tietotekniikka on helpompaa kaikille. Autamme kaikissa tietotekniikkaan liittyviss\u00e4 ongelmissa.<\/p><\/div>\n<\/div><\/div><\/div>\n<\/div>\n\n\n\n<div class=\"wp-block-kenta-blocks-spacer kb-spacer-ff4927d5 kb-spacer\" aria-hidden=\"true\"><\/div>\n\n\n\n<div class=\"wp-block-kenta-blocks-section kb-section-b49331e4 kb-section\">\n<div class=\"wp-block-kenta-blocks-column kb-column-wrapper kb-column-wrapper-378c5991\"><div class=\"kb-column kb-column-378c5991\"><div class=\"kb-column-content\">\n<figure class=\"wp-block-image size-large is-style-rounded\"><img loading=\"lazy\" decoding=\"async\" width=\"1024\" height=\"944\" src=\"https:\/\/hanhinen.net\/wp-content\/uploads\/2024\/07\/kopio-1024x944.png\" alt=\"\" class=\"wp-image-403\" srcset=\"https:\/\/hanhinen.net\/wp-content\/uploads\/2024\/07\/kopio-1024x944.png 1024w, https:\/\/hanhinen.net\/wp-content\/uploads\/2024\/07\/kopio-300x276.png 300w, https:\/\/hanhinen.net\/wp-content\/uploads\/2024\/07\/kopio-768x708.png 768w, https:\/\/hanhinen.net\/wp-content\/uploads\/2024\/07\/kopio-1536x1416.png 1536w, https:\/\/hanhinen.net\/wp-content\/uploads\/2024\/07\/kopio-2048x1887.png 2048w, https:\/\/hanhinen.net\/wp-content\/uploads\/2024\/07\/kopio-13x12.png 13w\" sizes=\"auto, (max-width: 1024px) 100vw, 1024px\" \/><\/figure>\n<\/div><\/div><\/div>\n\n\n\n<div class=\"wp-block-kenta-blocks-column kb-column-wrapper kb-column-wrapper-57fabe9e\"><div class=\"kb-column kb-column-57fabe9e\"><div class=\"kb-column-content\">\n<blockquote class=\"wp-block-quote is-layout-flow wp-block-quote-is-layout-flow\">\n<p class=\"has-black-color has-text-color has-link-color wp-elements-3b99f1dee68d816878fd2cb8588ce115\">Asiakkaana olen ollut eritt\u00e4in tyytyv\u00e4inen Hanhinen.net Consulting Oy:n palveluihin. <br>Yritys on osoittautunut ammattitaitoiseksi ja luotettavaksi IT-asiantuntijaksi, joka on auttanut meit\u00e4 parantamaan nettisivujemme toimivuutta ja ulkoasua huomattavasti. Lis\u00e4ksi heid\u00e4n IT-konsultointipalvelunsa ovat auttaneet meit\u00e4 optimoimaan j\u00e4rjestelmi\u00e4mme ja parantamaan tehokkuuttamme. Nopea reagointi ja asiakasl\u00e4ht\u00f6inen l\u00e4hestymistapa ovat olleet korvaamattomia.<\/p>\n<\/blockquote>\n\n\n\n<p class=\"has-text-align-center\"><strong>&#8211; Lastenp\u00e4iv\u00e4koti Satunummi Oy<\/strong><\/p>\n\n\n\n<div class=\"wp-block-kenta-blocks-buttons kb-buttons kb-buttons-39ae7939\">\n<div class=\"kb-button-wrapper kb-button-wrapper-37fbb3f5\"><a class=\"wp-block-kenta-blocks-button kb-button kb-button-37fbb3f5 kb-button-right\" href=\"https:\/\/hanhinen.net\/fi\/references\/\"><i class=\"far fa-circle-right\"><\/i><span>Lis\u00e4\u00e4 Referenssej\u00e4<\/span><\/a><\/div>\n<\/div>\n<\/div><\/div><\/div>\n<\/div>\n\n\n\n<div class=\"wp-block-kenta-blocks-spacer kb-spacer-e97462c9 kb-spacer\" aria-hidden=\"true\"><\/div>\n\n\n\n<div class=\"wp-block-kenta-blocks-section alignwide kb-section-cb68e738 kb-section\">\n<div class=\"wp-block-kenta-blocks-column kb-column-wrapper kb-column-wrapper-b186d279\"><div class=\"kb-column kb-column-b186d279\"><div class=\"kb-column-content\">\n<h2 class=\"wp-block-heading has-text-align-center has-kenta-font-large-font-size\">Anna meid\u00e4n huolehtia tietotekniikasta puolestasi<\/h2>\n\n\n\n<p class=\"has-text-align-center\">Aloitetaan t\u00e4n\u00e4\u00e4n!<\/p>\n\n\n\n<div class=\"wp-block-kenta-blocks-buttons kb-buttons kb-buttons-7b4b5fa2\">\n<div class=\"kb-button-wrapper kb-button-wrapper-7b6742f0\"><a class=\"wp-block-kenta-blocks-button kb-button kb-button-7b6742f0 kb-button-right\" href=\"https:\/\/hanhinen.net\/contact\"><i class=\"far fa-paper-plane\"><\/i><span>Ota yhteytt\u00e4 <\/span><\/a><\/div>\n<\/div>\n<\/div><\/div><\/div>\n<\/div>\n<\/div><\/div>","protected":false},"excerpt":{"rendered":"<p>IT ratkaisuja ja nettisivuja suurella syd\u00e4mell\u00e4<\/p>","protected":false},"author":1,"featured_media":0,"parent":0,"menu_order":0,"comment_status":"closed","ping_status":"closed","template":"","meta":{"_seopress_robots_primary_cat":"","_seopress_titles_title":"Hanhinen.net Consulting Oy","_seopress_titles_desc":"We think IT so you don\u2019t have to!\nCustomer-oriented IT solutions and websites created with a big heart","_seopress_robots_index":"","site-sidebar-layout":"default","site-content-layout":"","ast-site-content-layout":"default","site-content-style":"default","site-sidebar-style":"default","ast-global-header-display":"","ast-banner-title-visibility":"","ast-main-header-display":"","ast-hfb-above-header-display":"","ast-hfb-below-header-display":"","ast-hfb-mobile-header-display":"","site-post-title":"","ast-breadcrumbs-content":"","ast-featured-img":"","footer-sml-layout":"","ast-disable-related-posts":"","theme-transparent-header-meta":"","adv-header-id-meta":"","stick-header-meta":"","header-above-stick-meta":"","header-main-stick-meta":"","header-below-stick-meta":"","astra-migrate-meta-layouts":"default","ast-page-background-enabled":"default","ast-page-background-meta":{"desktop":{"background-color":"var(--ast-global-color-4)","background-image":"","background-repeat":"repeat","background-position":"center center","background-size":"auto","background-attachment":"scroll","background-type":"","background-media":"","overlay-type":"","overlay-color":"","overlay-opacity":"","overlay-gradient":""},"tablet":{"background-color":"","background-image":"","background-repeat":"repeat","background-position":"center center","background-size":"auto","background-attachment":"scroll","background-type":"","background-media":"","overlay-type":"","overlay-color":"","overlay-opacity":"","overlay-gradient":""},"mobile":{"background-color":"","background-image":"","background-repeat":"repeat","background-position":"center center","background-size":"auto","background-attachment":"scroll","background-type":"","background-media":"","overlay-type":"","overlay-color":"","overlay-opacity":"","overlay-gradient":""}},"ast-content-background-meta":{"desktop":{"background-color":"var(--ast-global-color-5)","background-image":"","background-repeat":"repeat","background-position":"center center","background-size":"auto","background-attachment":"scroll","background-type":"","background-media":"","overlay-type":"","overlay-color":"","overlay-opacity":"","overlay-gradient":""},"tablet":{"background-color":"var(--ast-global-color-5)","background-image":"","background-repeat":"repeat","background-position":"center center","background-size":"auto","background-attachment":"scroll","background-type":"","background-media":"","overlay-type":"","overlay-color":"","overlay-opacity":"","overlay-gradient":""},"mobile":{"background-color":"var(--ast-global-color-5)","background-image":"","background-repeat":"repeat","background-position":"center center","background-size":"auto","background-attachment":"scroll","background-type":"","background-media":"","overlay-type":"","overlay-color":"","overlay-opacity":"","overlay-gradient":""}},"footnotes":""},"class_list":["post-7","page","type-page","status-publish","hentry"],"_links":{"self":[{"href":"https:\/\/hanhinen.net\/fi\/wp-json\/wp\/v2\/pages\/7","targetHints":{"allow":["GET"]}}],"collection":[{"href":"https:\/\/hanhinen.net\/fi\/wp-json\/wp\/v2\/pages"}],"about":[{"href":"https:\/\/hanhinen.net\/fi\/wp-json\/wp\/v2\/types\/page"}],"author":[{"embeddable":true,"href":"https:\/\/hanhinen.net\/fi\/wp-json\/wp\/v2\/users\/1"}],"replies":[{"embeddable":true,"href":"https:\/\/hanhinen.net\/fi\/wp-json\/wp\/v2\/comments?post=7"}],"version-history":[{"count":28,"href":"https:\/\/hanhinen.net\/fi\/wp-json\/wp\/v2\/pages\/7\/revisions"}],"predecessor-version":[{"id":450,"href":"https:\/\/hanhinen.net\/fi\/wp-json\/wp\/v2\/pages\/7\/revisions\/450"}],"wp:attachment":[{"href":"https:\/\/hanhinen.net\/fi\/wp-json\/wp\/v2\/media?parent=7"}],"curies":[{"name":"wp","href":"https:\/\/api.w.org\/{rel}","templated":true}]}}