{"id":305,"date":"2024-06-12T07:59:51","date_gmt":"2024-06-12T07:59:51","guid":{"rendered":"https:\/\/hanhinen.net\/?page_id=305"},"modified":"2024-12-12T11:12:07","modified_gmt":"2024-12-12T11:12:07","slug":"references","status":"publish","type":"page","link":"https:\/\/hanhinen.net\/fi\/references\/","title":{"rendered":"Referenssit"},"content":{"rendered":"<div class=\"wp-block-kenta-blocks-heading kb-heading kb-heading-h1 kb-heading-ffa69735\"><h1 class=\"\">Meid\u00e4n tekemi\u00e4 ratkaisuja<\/h1><\/div>\n\n\n\n<h3 class=\"wp-block-heading has-text-align-center\">- <\/h3>\n\n\n\n<p class=\"has-text-align-center has-ast-global-color-7-color has-text-color has-link-color wp-elements-1349b1cc0d960e4a63c0912a5bdc2ae0\">Jokainen verkkosivusto ja IT-ratkaisu on r\u00e4\u00e4t\u00e4l\u00f6ityj\u00e4 ja heijastaa asiakkaidemme toiveita. T\u00e4ss\u00e4 esitellyt verkkosivustot ja ratkaisut osoittavat, kuinka monenlaisten \u200b\u200basiakkaiden kanssa olemme ty\u00f6skennelleet.<\/p>\n\n\n\n<div class=\"wp-block-kenta-blocks-heading kb-heading kb-heading-h2 kb-heading-d7b3ef63\"><h2 class=\"\"><strong>Nettisivut<\/strong><\/h2><\/div>\n\n\n\n<div class=\"wp-block-kenta-blocks-section kb-section-c9cfe535 kb-section\">\n<div class=\"wp-block-kenta-blocks-column kb-column-wrapper kb-column-wrapper-c08fe87f\"><div class=\"kb-column kb-column-c08fe87f\"><div class=\"kb-column-content\">\n<div class=\"wp-block-kenta-blocks-heading kb-heading kb-heading-h2 kb-heading-5c242997\"><h2 class=\"\"><a href=\"https:\/\/paadarauroravillas.com\/\">Paadar Aurora Villas<\/a><\/h2><\/div>\n\n\n\n<figure class=\"wp-block-image aligncenter size-full has-custom-border\"><a href=\"https:\/\/paadarauroravillas.com\/\"><img loading=\"lazy\" decoding=\"async\" width=\"500\" height=\"500\" src=\"https:\/\/hanhinen.net\/wp-content\/uploads\/2024\/12\/Paadar_Sivut.png\" alt=\"\" class=\"wp-image-462\" style=\"border-radius:20px\" srcset=\"https:\/\/hanhinen.net\/wp-content\/uploads\/2024\/12\/Paadar_Sivut.png 500w, https:\/\/hanhinen.net\/wp-content\/uploads\/2024\/12\/Paadar_Sivut-300x300.png 300w, https:\/\/hanhinen.net\/wp-content\/uploads\/2024\/12\/Paadar_Sivut-150x150.png 150w, https:\/\/hanhinen.net\/wp-content\/uploads\/2024\/12\/Paadar_Sivut-12x12.png 12w\" sizes=\"auto, (max-width: 500px) 100vw, 500px\" \/><\/a><\/figure>\n<\/div><\/div><\/div>\n\n\n\n<div class=\"wp-block-kenta-blocks-column kb-column-wrapper kb-column-wrapper-b3dc4573\"><div class=\"kb-column kb-column-b3dc4573\"><div class=\"kb-column-content\">\n<div class=\"wp-block-kenta-blocks-heading kb-heading kb-heading-h2 kb-heading-6a36e3b4\"><h2 class=\"\"><a href=\"https:\/\/satupaivakodit.fi\/\">Lastenp\u00e4iv\u00e4koti Satunummi<\/a><\/h2><\/div>\n\n\n\n<figure class=\"wp-block-image aligncenter size-full is-resized has-custom-border is-style-default\"><a href=\"satupaivakodit.fi\"><img loading=\"lazy\" decoding=\"async\" width=\"500\" height=\"500\" src=\"https:\/\/hanhinen.net\/wp-content\/uploads\/2024\/12\/Satupaivakodit_uudet-sivut.png\" alt=\"\" class=\"wp-image-461\" style=\"border-radius:20px;width:463px;height:auto\" srcset=\"https:\/\/hanhinen.net\/wp-content\/uploads\/2024\/12\/Satupaivakodit_uudet-sivut.png 500w, https:\/\/hanhinen.net\/wp-content\/uploads\/2024\/12\/Satupaivakodit_uudet-sivut-300x300.png 300w, https:\/\/hanhinen.net\/wp-content\/uploads\/2024\/12\/Satupaivakodit_uudet-sivut-150x150.png 150w, https:\/\/hanhinen.net\/wp-content\/uploads\/2024\/12\/Satupaivakodit_uudet-sivut-12x12.png 12w\" sizes=\"auto, (max-width: 500px) 100vw, 500px\" \/><\/a><\/figure>\n<\/div><\/div><\/div>\n<\/div>\n\n\n\n<div style=\"height:15px\" aria-hidden=\"true\" class=\"wp-block-spacer\"><\/div>\n\n\n\n<h2 class=\"wp-block-heading has-text-align-center\"><strong>IT ratkaisut<\/strong><\/h2>\n\n\n\n<div class=\"wp-block-kenta-blocks-section kb-section-8bd7fcb5 kb-section\">\n<div class=\"wp-block-kenta-blocks-column kb-column-wrapper kb-column-wrapper-7a8024ce\"><div class=\"kb-column kb-column-7a8024ce\"><div class=\"kb-column-content\">\n<h3 class=\"wp-block-heading has-text-align-center\">Lastenp\u00e4iv\u00e4koti Satunummi<\/h3>\n\n\n\n<blockquote class=\"wp-block-quote is-layout-flow wp-block-quote-is-layout-flow\">\n<p class=\"has-text-align-center\">Asiakkaana olen ollut eritt\u00e4in tyytyv\u00e4inen Hanhinen.net Consulting Oy:n palveluihin. <br>Yritys on osoittautunut ammattitaitoiseksi ja luotettavaksi IT-asiantuntijaksi, joka on auttanut meit\u00e4 parantamaan nettisivujemme toimivuutta ja ulkoasua huomattavasti. Lis\u00e4ksi heid\u00e4n IT-konsultointipalvelunsa ovat auttaneet meit\u00e4 optimoimaan j\u00e4rjestelmi\u00e4mme ja parantamaan tehokkuuttamme. Nopea reagointi ja asiakasl\u00e4ht\u00f6inen l\u00e4hestymistapa ovat olleet korvaamattomia.<br><br>&#8211; Lastenp\u00e4iv\u00e4koti Satunummi Oy<\/p>\n<\/blockquote>\n<\/div><\/div><\/div>\n<\/div>\n\n\n\n<h2 class=\"wp-block-heading has-text-align-center\">Lis\u00e4\u00e4 arvosteluja<\/h2>\n\n\n<pre class=\"ti-widget\"><template id=\"trustindex-google-widget-html\"><div class=\"ti-widget  ti-goog ti-no-profile-img ti-review-text-mode-readmore ti-content-align-center\" data-no-translation=\"true\" data-time-locale=\"%d %s ago|today|day|days|week|weeks|month|months|year|years\" data-plugin-version=\"13.2.9\" data-layout-id=\"36\" data-layout-category=\"slider\" data-set-id=\"light-minimal\" data-pid=\"\" data-language=\"en\" data-close-locale=\"Close\" data-review-target-width=\"300\" data-css-version=\"2\" data-reply-by-locale=\"Owner's reply\" data-only-rating-locale=\"This user only left a rating.\" data-pager-autoplay-timeout=\"6\"> <div class=\"ti-widget-container ti-col-3\"> <div class=\"ti-reviews-container\"> <div class=\"ti-controls\"> <div class=\"ti-next\" aria-label=\"Next review\" role=\"button\" tabindex=\"0\"><\/div> <div class=\"ti-prev\" aria-label=\"Previous review\" role=\"button\" tabindex=\"0\"><\/div> <\/div> <div class=\"ti-reviews-container-wrapper\">  <div data-empty=\"0\" data-time=\"1725494400\" class=\"ti-review-item source-Google ti-image-layout-thumbnail\" data-id=\"cfcd208495d565ef66e7dff9f98764da\"> <div class=\"ti-inner\"> <div class=\"ti-review-header\"> <trustindex-image class=\"ti-platform-icon\" data-imgurl=\"https:\/\/cdn.trustindex.io\/assets\/platform\/Google\/icon.svg\" alt=\"\" width=\"20\" height=\"20\" loading=\"lazy\"><\/trustindex-image>  <div class=\"ti-profile-details\"> <div class=\"ti-name\"> Viljami Laakkonen <\/div> <div class=\"ti-date\"><\/div> <\/div> <\/div> <span class=\"ti-stars\"><trustindex-image class=\"ti-star\" data-imgurl=\"https:\/\/cdn.trustindex.io\/assets\/platform\/Google\/star\/f.svg\" alt=\"Google star 1\" width=\"17\" height=\"17\" loading=\"lazy\"><\/trustindex-image><trustindex-image class=\"ti-star\" data-imgurl=\"https:\/\/cdn.trustindex.io\/assets\/platform\/Google\/star\/f.svg\" alt=\"Google star 2\" width=\"17\" height=\"17\" loading=\"lazy\"><\/trustindex-image><trustindex-image class=\"ti-star\" data-imgurl=\"https:\/\/cdn.trustindex.io\/assets\/platform\/Google\/star\/f.svg\" alt=\"Google star 3\" width=\"17\" height=\"17\" loading=\"lazy\"><\/trustindex-image><trustindex-image class=\"ti-star\" data-imgurl=\"https:\/\/cdn.trustindex.io\/assets\/platform\/Google\/star\/f.svg\" alt=\"Google star 4\" width=\"17\" height=\"17\" loading=\"lazy\"><\/trustindex-image><trustindex-image class=\"ti-star\" data-imgurl=\"https:\/\/cdn.trustindex.io\/assets\/platform\/Google\/star\/f.svg\" alt=\"Google star 5\" width=\"17\" height=\"17\" loading=\"lazy\"><\/trustindex-image><\/span> <div class=\"ti-review-text-container ti-review-content\"><!-- R-CONTENT -->Yhteisty\u00f6 oli eritt\u00e4in sujuvaa koko prosessin ajan. Asiakkaana sain juuri sellaista palvelua kuin voi toivoa, ja minun toiveet huomioitiin hienosti. Hienoa oli my\u00f6s, ett\u00e4 sain mielipiteit\u00e4, oivalluksia ja ohjeita, miten jokin asia voitaisiin tehd\u00e4, jonka j\u00e4lkeen keskusteltiin t\u00e4st\u00e4 yhdess\u00e4. En voi kuin suositella palvelua muille, jotka haluavat toimivat ja selke\u00e4t nettisivut. Kiitos yhteisty\u00f6st\u00e4!<!-- R-CONTENT --><\/div> <span class=\"ti-read-more\" data-container=\".ti-review-content\" data-collapse-text=\"Hide\" data-open-text=\"Read more\"><\/span> <\/div> <\/div>  <div data-empty=\"0\" data-time=\"1718841600\" class=\"ti-review-item source-Google ti-image-layout-thumbnail\" data-id=\"cfcd208495d565ef66e7dff9f98764da\"> <div class=\"ti-inner\"> <div class=\"ti-review-header\"> <trustindex-image class=\"ti-platform-icon\" data-imgurl=\"https:\/\/cdn.trustindex.io\/assets\/platform\/Google\/icon.svg\" alt=\"\" width=\"20\" height=\"20\" loading=\"lazy\"><\/trustindex-image>  <div class=\"ti-profile-details\"> <div class=\"ti-name\"> Petteri Lappalainen <\/div> <div class=\"ti-date\"><\/div> <\/div> <\/div> <span class=\"ti-stars\"><trustindex-image class=\"ti-star\" data-imgurl=\"https:\/\/cdn.trustindex.io\/assets\/platform\/Google\/star\/f.svg\" alt=\"Google star 1\" width=\"17\" height=\"17\" loading=\"lazy\"><\/trustindex-image><trustindex-image class=\"ti-star\" data-imgurl=\"https:\/\/cdn.trustindex.io\/assets\/platform\/Google\/star\/f.svg\" alt=\"Google star 2\" width=\"17\" height=\"17\" loading=\"lazy\"><\/trustindex-image><trustindex-image class=\"ti-star\" data-imgurl=\"https:\/\/cdn.trustindex.io\/assets\/platform\/Google\/star\/f.svg\" alt=\"Google star 3\" width=\"17\" height=\"17\" loading=\"lazy\"><\/trustindex-image><trustindex-image class=\"ti-star\" data-imgurl=\"https:\/\/cdn.trustindex.io\/assets\/platform\/Google\/star\/f.svg\" alt=\"Google star 4\" width=\"17\" height=\"17\" loading=\"lazy\"><\/trustindex-image><trustindex-image class=\"ti-star\" data-imgurl=\"https:\/\/cdn.trustindex.io\/assets\/platform\/Google\/star\/f.svg\" alt=\"Google star 5\" width=\"17\" height=\"17\" loading=\"lazy\"><\/trustindex-image><\/span> <div class=\"ti-review-text-container ti-review-content\"><!-- R-CONTENT -->Eritt\u00e4in nopea ja hyv\u00e4 palvelu kotisivujen ongelmanratkaisussa. Kaupanp\u00e4\u00e4lle hyvi\u00e4 vinkkej\u00e4.\nEhdoton suositus!<!-- R-CONTENT --><\/div> <span class=\"ti-read-more\" data-container=\".ti-review-content\" data-collapse-text=\"Hide\" data-open-text=\"Read more\"><\/span> <\/div> <\/div>  <\/div> <div class=\"ti-controls-line\"> <div class=\"dot\"><\/div> <\/div> <\/div>    <\/div> <\/div> <\/template><\/pre><div data-src=\"https:\/\/cdn.trustindex.io\/loader.js?wp-widget\" data-template-id=\"trustindex-google-widget-html\" data-css-url=\"https:\/\/hanhinen.net\/wp-content\/uploads\/trustindex-google-widget.css?1774027468\"><\/div>","protected":false},"excerpt":{"rendered":"<p>Feel free to explore them! Every website and IT solution are custom made and reflect the look of what our [&hellip;]<\/p>\n","protected":false},"author":1,"featured_media":0,"parent":0,"menu_order":0,"comment_status":"closed","ping_status":"closed","template":"","meta":{"_seopress_robots_primary_cat":"","_seopress_titles_title":"","_seopress_titles_desc":"Here is few references feel free to go trough them!","_seopress_robots_index":"","site-sidebar-layout":"default","site-content-layout":"","ast-site-content-layout":"default","site-content-style":"default","site-sidebar-style":"default","ast-global-header-display":"","ast-banner-title-visibility":"","ast-main-header-display":"","ast-hfb-above-header-display":"","ast-hfb-below-header-display":"","ast-hfb-mobile-header-display":"","site-post-title":"","ast-breadcrumbs-content":"","ast-featured-img":"","footer-sml-layout":"","ast-disable-related-posts":"","theme-transparent-header-meta":"","adv-header-id-meta":"","stick-header-meta":"","header-above-stick-meta":"","header-main-stick-meta":"","header-below-stick-meta":"","astra-migrate-meta-layouts":"default","ast-page-background-enabled":"default","ast-page-background-meta":{"desktop":{"background-color":"var(--ast-global-color-4)","background-image":"","background-repeat":"repeat","background-position":"center center","background-size":"auto","background-attachment":"scroll","background-type":"","background-media":"","overlay-type":"","overlay-color":"","overlay-opacity":"","overlay-gradient":""},"tablet":{"background-color":"","background-image":"","background-repeat":"repeat","background-position":"center center","background-size":"auto","background-attachment":"scroll","background-type":"","background-media":"","overlay-type":"","overlay-color":"","overlay-opacity":"","overlay-gradient":""},"mobile":{"background-color":"","background-image":"","background-repeat":"repeat","background-position":"center center","background-size":"auto","background-attachment":"scroll","background-type":"","background-media":"","overlay-type":"","overlay-color":"","overlay-opacity":"","overlay-gradient":""}},"ast-content-background-meta":{"desktop":{"background-color":"var(--ast-global-color-5)","background-image":"","background-repeat":"repeat","background-position":"center center","background-size":"auto","background-attachment":"scroll","background-type":"","background-media":"","overlay-type":"","overlay-color":"","overlay-opacity":"","overlay-gradient":""},"tablet":{"background-color":"var(--ast-global-color-5)","background-image":"","background-repeat":"repeat","background-position":"center center","background-size":"auto","background-attachment":"scroll","background-type":"","background-media":"","overlay-type":"","overlay-color":"","overlay-opacity":"","overlay-gradient":""},"mobile":{"background-color":"var(--ast-global-color-5)","background-image":"","background-repeat":"repeat","background-position":"center center","background-size":"auto","background-attachment":"scroll","background-type":"","background-media":"","overlay-type":"","overlay-color":"","overlay-opacity":"","overlay-gradient":""}},"footnotes":""},"class_list":["post-305","page","type-page","status-publish","hentry"],"_links":{"self":[{"href":"https:\/\/hanhinen.net\/fi\/wp-json\/wp\/v2\/pages\/305","targetHints":{"allow":["GET"]}}],"collection":[{"href":"https:\/\/hanhinen.net\/fi\/wp-json\/wp\/v2\/pages"}],"about":[{"href":"https:\/\/hanhinen.net\/fi\/wp-json\/wp\/v2\/types\/page"}],"author":[{"embeddable":true,"href":"https:\/\/hanhinen.net\/fi\/wp-json\/wp\/v2\/users\/1"}],"replies":[{"embeddable":true,"href":"https:\/\/hanhinen.net\/fi\/wp-json\/wp\/v2\/comments?post=305"}],"version-history":[{"count":17,"href":"https:\/\/hanhinen.net\/fi\/wp-json\/wp\/v2\/pages\/305\/revisions"}],"predecessor-version":[{"id":465,"href":"https:\/\/hanhinen.net\/fi\/wp-json\/wp\/v2\/pages\/305\/revisions\/465"}],"wp:attachment":[{"href":"https:\/\/hanhinen.net\/fi\/wp-json\/wp\/v2\/media?parent=305"}],"curies":[{"name":"wp","href":"https:\/\/api.w.org\/{rel}","templated":true}]}}