{"id":111,"date":"2023-01-05T07:15:51","date_gmt":"2023-01-05T07:15:51","guid":{"rendered":"https:\/\/hanhinen.net\/?page_id=111"},"modified":"2024-11-15T11:44:58","modified_gmt":"2024-11-15T11:44:58","slug":"about","status":"publish","type":"page","link":"https:\/\/hanhinen.net\/fi\/about\/","title":{"rendered":"Tietoa meist\u00e4"},"content":{"rendered":"<div class=\"wp-block-kenta-blocks-spacer kb-spacer-62067666 kb-spacer\" aria-hidden=\"true\"><\/div>\n\n\n\n<h1 class=\"wp-block-heading\">Tietoa meist\u00e4 <\/h1>\n\n\n\n<h2 class=\"wp-block-heading\">Keit\u00e4 olemme<\/h2>\n\n\n\n<blockquote class=\"wp-block-quote is-layout-flow wp-block-quote-is-layout-flow\">\n<p>Olemme suomalainen tietotekniikkaan keskittyv\u00e4 yritys, joka tarjoaa palveluita IT konsultoinnista nettisivuihin. Toimipisteemme on Inarissa<\/p>\n<\/blockquote>\n\n\n\n<h2 class=\"wp-block-heading\">Mink\u00e4laisia nettisivuja teemme?<\/h2>\n\n\n\n<blockquote class=\"wp-block-quote is-layout-flow wp-block-quote-is-layout-flow\">\n<p>Teemme kaiken n\u00e4k\u00f6isi\u00e4 nettisivuja perustuen asiakaan pyynt\u00f6\u00f6n siit\u00e4 millaisen nettisivun h\u00e4n haluaa.<\/p>\n<\/blockquote>\n\n\n\n<h2 class=\"wp-block-heading\">Millaista kokemusta meill\u00e4 on?<\/h2>\n\n\n\n<blockquote class=\"wp-block-quote is-layout-flow wp-block-quote-is-layout-flow\">\n<p>Meill\u00e4 on kokemusta kaikenlaisista j\u00e4rjestelmist\u00e4, mutta pid\u00e4mme erityisesti hotellij\u00e4rjestelmist\u00e4<\/p>\n<cite>IT palveluita kokonaisvaltaisesti kaikki saman katon alta<br><br>T\u00e4ss\u00e4 on muutamia esimerkkej\u00e4 kokemuksestamme eri j\u00e4rjestelmist\u00e4:<br>Microsoft 365<br>Azure\/Intune<br>Hotellij\u00e4rjestelm\u00e4t<br>Windows\/Linux\/Mac<br>Ja paljon muuta<\/cite><\/blockquote>\n\n\n\n<h2 class=\"wp-block-heading\">Onko meill\u00e4 korkeat hinnat?<\/h2>\n\n\n\n<blockquote class=\"wp-block-quote is-layout-flow wp-block-quote-is-layout-flow\">\n<p>Meill\u00e4 on eritt\u00e4in kilpailukykyiset pohjasuunnitelmat, t\u00e4ss\u00e4 muutamia esimerkkej\u00e4:<\/p>\n<\/blockquote>\n\n\n\n<div class=\"wp-block-kenta-blocks-section alignwide kb-section-d28a0224 kb-section\">\n<div class=\"wp-block-kenta-blocks-column kb-column-wrapper kb-column-wrapper-26bb22f0\"><div class=\"kb-column kb-column-26bb22f0\"><div class=\"kb-column-content\">\n<div class=\"wp-block-kenta-blocks-heading kb-heading kb-heading-h3 kb-heading-29bbcbc2\"><h3 class=\"\">Premium Nettisivujen yll\u00e4pito<\/h3><\/div>\n\n\n\n<div class=\"wp-block-kenta-blocks-paragraph kb-paragraph kb-paragraph-faa39283\"><p class=\"\">Alkaen (alv 0%)<\/p><\/div>\n\n\n\n<div class=\"wp-block-group is-content-justification-center is-nowrap is-layout-flex wp-container-core-group-is-layout-23441af8 wp-block-group-is-layout-flex\">\n<div class=\"wp-block-kenta-blocks-paragraph kb-paragraph kb-paragraph-2643a5e5\"><p class=\"\"> <\/p><\/div>\n\n\n\n<div class=\"wp-block-kenta-blocks-paragraph kb-paragraph kb-paragraph-ddda39c3\"><p class=\"\">35<\/p><\/div>\n\n\n\n<div class=\"wp-block-kenta-blocks-paragraph kb-paragraph kb-paragraph-a9f4154f\"><p class=\"\">\/kk<\/p><\/div>\n<\/div>\n\n\n\n<div class=\"wp-block-kenta-blocks-spacer kb-spacer-49b70ea1 kb-spacer\" aria-hidden=\"true\"><\/div>\n\n\n\n<div class=\"wp-block-kenta-blocks-buttons kb-buttons kb-buttons-94c90f8c\">\n<div class=\"kb-button-wrapper kb-button-wrapper-1e832b66\"><a class=\"wp-block-kenta-blocks-button kb-button kb-button-1e832b66 kb-button-left\" href=\"https:\/\/hanhinen.net\/contact\" id=\"buy-button-personal\"><span>Aloita t\u00e4n\u00e4\u00e4n<\/span><\/a><\/div>\n<\/div>\n\n\n\n<hr class=\"wp-block-separator has-alpha-channel-opacity is-style-wide\"\/>\n\n\n\n<div class=\"wp-block-kenta-blocks-paragraph kb-paragraph kb-paragraph-2ac0dcaf\"><p class=\"\">WordPress yhteensopiva&nbsp;<\/p><\/div>\n\n\n\n<div class=\"wp-block-kenta-blocks-paragraph kb-paragraph kb-paragraph-1e054128\"><p class=\"\">Viikottaiset varmuuskopioinnit <\/p><\/div>\n\n\n\n<div class=\"wp-block-kenta-blocks-paragraph kb-paragraph kb-paragraph-37285363\"><p class=\"\">S\u00e4hk\u00f6posti 5\u20ac\/kk <\/p><\/div>\n\n\n\n<div class=\"wp-block-kenta-blocks-paragraph kb-paragraph kb-paragraph-540dc979\"><p class=\"\">.Com-verkkotunnus 20\u20ac\/Vuosi *<\/p><\/div>\n\n\n\n<div class=\"wp-block-kenta-blocks-paragraph kb-paragraph kb-paragraph-f181d09e\"><p class=\"\">.FI-verkkotunnus 20\u20ac\/Vuosi *<br><br>Ja paljon muuta <br><\/p><\/div>\n\n\n\n<div class=\"wp-block-kenta-blocks-spacer kb-spacer-8338eb85 kb-spacer\" aria-hidden=\"true\"><\/div>\n<\/div><\/div><\/div>\n\n\n\n<div class=\"wp-block-kenta-blocks-column kb-column-wrapper kb-column-wrapper-c98aac7b\"><div class=\"kb-column kb-column-c98aac7b\"><div class=\"kb-column-content\">\n<div class=\"wp-block-kenta-blocks-heading kb-heading kb-heading-h3 kb-heading-d01761e6\"><h3 class=\"\">Nettisivujen yll\u00e4pito<\/h3><\/div>\n\n\n\n<div class=\"wp-block-kenta-blocks-paragraph kb-paragraph kb-paragraph-033cb4da\"><p class=\"\">Alkaen (alv 0%)<\/p><\/div>\n\n\n\n<div class=\"wp-block-group is-content-justification-center is-nowrap is-layout-flex wp-container-core-group-is-layout-23441af8 wp-block-group-is-layout-flex\">\n<div class=\"wp-block-kenta-blocks-paragraph kb-paragraph kb-paragraph-ec9a2b42\"><p class=\"\"> <\/p><\/div>\n\n\n\n<div class=\"wp-block-kenta-blocks-paragraph kb-paragraph kb-paragraph-924feb7d\"><p class=\"\">20<\/p><\/div>\n\n\n\n<div class=\"wp-block-kenta-blocks-paragraph kb-paragraph kb-paragraph-17971384\"><p class=\"\">\/kk<\/p><\/div>\n<\/div>\n\n\n\n<div class=\"wp-block-kenta-blocks-spacer kb-spacer-5d55595a kb-spacer\" aria-hidden=\"true\"><\/div>\n\n\n\n<div class=\"wp-block-kenta-blocks-buttons kb-buttons kb-buttons-ea26acc2\">\n<div class=\"kb-button-wrapper kb-button-wrapper-f14b0acf\"><a class=\"wp-block-kenta-blocks-button kb-button kb-button-f14b0acf kb-button-left\" href=\"https:\/\/hanhinen.net\/contact\" id=\"buy-button-personal\"><span>Aloita t\u00e4n\u00e4\u00e4n<\/span><\/a><\/div>\n<\/div>\n\n\n\n<hr class=\"wp-block-separator has-alpha-channel-opacity is-style-wide\"\/>\n\n\n\n<div class=\"wp-block-kenta-blocks-paragraph kb-paragraph kb-paragraph-0135e35f\"><p class=\"\">WordPress yhteensopiva&nbsp;<\/p><\/div>\n\n\n\n<div class=\"wp-block-kenta-blocks-paragraph kb-paragraph kb-paragraph-1303e89b\"><p class=\"\">Viikoittaiset varmuuskopioinnit  10\u20ac\/kk<\/p><\/div>\n\n\n\n<div class=\"wp-block-kenta-blocks-paragraph kb-paragraph kb-paragraph-fe966b37\"><p class=\"\">S\u00e4hk\u00f6posti 5\u20ac\/kk <\/p><\/div>\n\n\n\n<div class=\"wp-block-kenta-blocks-paragraph kb-paragraph kb-paragraph-826e4d61\"><p class=\"\">.Com-verkkotunnus 20\u20ac\/Vuosi *<\/p><\/div>\n\n\n\n<div class=\"wp-block-kenta-blocks-paragraph kb-paragraph kb-paragraph-ff96e5e1\"><p class=\"\">.FI-verkkotunnus 20\u20ac\/Vuosi *<br><br>Ja paljon muuta <br><\/p><\/div>\n\n\n\n<div class=\"wp-block-kenta-blocks-spacer kb-spacer-56de038e kb-spacer\" aria-hidden=\"true\"><\/div>\n<\/div><\/div><\/div>\n\n\n\n<div class=\"wp-block-kenta-blocks-column kb-column-wrapper kb-column-wrapper-0a40bd9e\"><div class=\"kb-column kb-column-0a40bd9e\"><div class=\"kb-column-content\">\n<div class=\"wp-block-kenta-blocks-heading kb-heading kb-heading-h3 kb-heading-e9fc507e\"><h3 class=\"\"> Konsultointi<\/h3><\/div>\n\n\n\n<div class=\"wp-block-kenta-blocks-paragraph kb-paragraph kb-paragraph-597ab37a\"><p class=\"\"> <\/p><\/div>\n\n\n\n<div class=\"wp-block-group is-content-justification-center is-nowrap is-layout-flex wp-container-core-group-is-layout-23441af8 wp-block-group-is-layout-flex\">\n<div class=\"wp-block-kenta-blocks-paragraph kb-paragraph kb-paragraph-9c3c23c1\"><p class=\"\">Kysy Hintaa<\/p><\/div>\n<\/div>\n\n\n\n<div class=\"wp-block-kenta-blocks-spacer kb-spacer-e08765ce kb-spacer\" aria-hidden=\"true\"><\/div>\n\n\n\n<div class=\"wp-block-kenta-blocks-buttons kb-buttons kb-buttons-c4de7e71\">\n<div class=\"kb-button-wrapper kb-button-wrapper-30c593f7\"><a class=\"wp-block-kenta-blocks-button kb-button kb-button-30c593f7 kb-button-left\" href=\"https:\/\/hanhinen.net\/contact\" id=\"buy-button-freelancer\"><span>Aloita t\u00e4n\u00e4\u00e4n<\/span><\/a><\/div>\n<\/div>\n\n\n\n<hr class=\"wp-block-separator has-alpha-channel-opacity is-style-wide\"\/>\n\n\n\n<div class=\"wp-block-kenta-blocks-paragraph kb-paragraph kb-paragraph-95c1b6d5\"><p class=\"\">Tietotekniikkaan liittyv\u00e4t hankinnat<\/p><\/div>\n\n\n\n<div class=\"wp-block-kenta-blocks-paragraph kb-paragraph kb-paragraph-31426a6d\"><p class=\"\">P\u00e4ivitt\u00e4ist\u00e4 tukea tietotekniikan kanssa<\/p><\/div>\n\n\n\n<div class=\"wp-block-kenta-blocks-paragraph kb-paragraph kb-paragraph-4c1706b6\"><p class=\"\">Et\u00e4tuki<br>Puhelinliittym\u00e4t<\/p><\/div>\n\n\n\n<div class=\"wp-block-kenta-blocks-paragraph kb-paragraph kb-paragraph-b894d7a2\"><p class=\"\">Ja paljon muuta<\/p><\/div>\n\n\n\n<div class=\"wp-block-kenta-blocks-paragraph kb-paragraph kb-paragraph-7f682faa\"><p class=\"\"><\/p><\/div>\n\n\n\n<div class=\"wp-block-kenta-blocks-spacer kb-spacer-54ca541f kb-spacer\" aria-hidden=\"true\"><\/div>\n<\/div><\/div><\/div>\n<\/div>\n\n\n\n<h2 class=\"wp-block-heading\">Miten voin saada tarjouksen?<\/h2>\n\n\n\n<blockquote class=\"wp-block-quote is-layout-flow wp-block-quote-is-layout-flow\">\n<p>Ota meihin yhteytt\u00e4 ja kerro mit\u00e4 tarvitset. Me teemme sinulle tarjouksen.<\/p>\n<\/blockquote>\n\n\n\n<div class=\"wp-block-kenta-blocks-buttons kb-buttons kb-buttons-3a17d12c\">\n<div class=\"kb-button-wrapper kb-button-wrapper-8516a679\"><a class=\"wp-block-kenta-blocks-button kb-button kb-button-8516a679 kb-button-left\" href=\"https:\/\/hanhinen.net\/contact\"><span>Ota yhteytt\u00e4 <\/span><\/a><\/div>\n<\/div>\n\n\n\n<div class=\"wp-block-kenta-blocks-spacer kb-spacer-95c59662 kb-spacer\" aria-hidden=\"true\"><\/div>","protected":false},"excerpt":{"rendered":"<p>About Who we are? We are Finnish technology company that offers services in It consulting and websites. We are located [&hellip;]<\/p>\n","protected":false},"author":1,"featured_media":0,"parent":0,"menu_order":0,"comment_status":"closed","ping_status":"closed","template":"","meta":{"_seopress_robots_primary_cat":"","_seopress_titles_title":"","_seopress_titles_desc":"","_seopress_robots_index":"","site-sidebar-layout":"default","site-content-layout":"","ast-site-content-layout":"default","site-content-style":"default","site-sidebar-style":"default","ast-global-header-display":"","ast-banner-title-visibility":"","ast-main-header-display":"","ast-hfb-above-header-display":"","ast-hfb-below-header-display":"","ast-hfb-mobile-header-display":"","site-post-title":"","ast-breadcrumbs-content":"","ast-featured-img":"","footer-sml-layout":"","ast-disable-related-posts":"","theme-transparent-header-meta":"","adv-header-id-meta":"","stick-header-meta":"","header-above-stick-meta":"","header-main-stick-meta":"","header-below-stick-meta":"","astra-migrate-meta-layouts":"default","ast-page-background-enabled":"default","ast-page-background-meta":{"desktop":{"background-color":"var(--ast-global-color-4)","background-image":"","background-repeat":"repeat","background-position":"center center","background-size":"auto","background-attachment":"scroll","background-type":"","background-media":"","overlay-type":"","overlay-color":"","overlay-opacity":"","overlay-gradient":""},"tablet":{"background-color":"","background-image":"","background-repeat":"repeat","background-position":"center center","background-size":"auto","background-attachment":"scroll","background-type":"","background-media":"","overlay-type":"","overlay-color":"","overlay-opacity":"","overlay-gradient":""},"mobile":{"background-color":"","background-image":"","background-repeat":"repeat","background-position":"center center","background-size":"auto","background-attachment":"scroll","background-type":"","background-media":"","overlay-type":"","overlay-color":"","overlay-opacity":"","overlay-gradient":""}},"ast-content-background-meta":{"desktop":{"background-color":"var(--ast-global-color-5)","background-image":"","background-repeat":"repeat","background-position":"center center","background-size":"auto","background-attachment":"scroll","background-type":"","background-media":"","overlay-type":"","overlay-color":"","overlay-opacity":"","overlay-gradient":""},"tablet":{"background-color":"var(--ast-global-color-5)","background-image":"","background-repeat":"repeat","background-position":"center center","background-size":"auto","background-attachment":"scroll","background-type":"","background-media":"","overlay-type":"","overlay-color":"","overlay-opacity":"","overlay-gradient":""},"mobile":{"background-color":"var(--ast-global-color-5)","background-image":"","background-repeat":"repeat","background-position":"center center","background-size":"auto","background-attachment":"scroll","background-type":"","background-media":"","overlay-type":"","overlay-color":"","overlay-opacity":"","overlay-gradient":""}},"footnotes":""},"class_list":["post-111","page","type-page","status-publish","hentry"],"_links":{"self":[{"href":"https:\/\/hanhinen.net\/fi\/wp-json\/wp\/v2\/pages\/111","targetHints":{"allow":["GET"]}}],"collection":[{"href":"https:\/\/hanhinen.net\/fi\/wp-json\/wp\/v2\/pages"}],"about":[{"href":"https:\/\/hanhinen.net\/fi\/wp-json\/wp\/v2\/types\/page"}],"author":[{"embeddable":true,"href":"https:\/\/hanhinen.net\/fi\/wp-json\/wp\/v2\/users\/1"}],"replies":[{"embeddable":true,"href":"https:\/\/hanhinen.net\/fi\/wp-json\/wp\/v2\/comments?post=111"}],"version-history":[{"count":2,"href":"https:\/\/hanhinen.net\/fi\/wp-json\/wp\/v2\/pages\/111\/revisions"}],"predecessor-version":[{"id":443,"href":"https:\/\/hanhinen.net\/fi\/wp-json\/wp\/v2\/pages\/111\/revisions\/443"}],"wp:attachment":[{"href":"https:\/\/hanhinen.net\/fi\/wp-json\/wp\/v2\/media?parent=111"}],"curies":[{"name":"wp","href":"https:\/\/api.w.org\/{rel}","templated":true}]}}